{"id":4288,"date":"2023-04-27T14:34:46","date_gmt":"2023-04-27T12:34:46","guid":{"rendered":"https:\/\/staging.vetx.eu\/onze-evenementen-en-opleidingen\/"},"modified":"2024-05-23T10:53:00","modified_gmt":"2024-05-23T08:53:00","slug":"ontmoet-ons","status":"publish","type":"page","link":"https:\/\/staging.vetx.eu\/nl\/ontmoet-ons\/","title":{"rendered":"Evenementen en opleidingen"},"content":{"rendered":"\n<section  class=\"block-content-title\">\n\n  <div class=\"image-wrapper js-replace-img\">\n    <img decoding=\"async\" src=\"https:\/\/staging.vetx.eu\/wp-content\/uploads\/2023\/06\/pexels-yan-krukov-7794041-1920x240-1.jpg\" alt=\"pexels yan krukov 7794041 1920x240\">\n    <div class=\"bg-wrapper\" style=\"background-color: #da0019\"><\/div>\n\n    <div class=\"title-wrapper\">\n      <div class=\"container\">\n        <div class=\"col-lg-7 offset-lg-1 col-md-12\">\n                    <h1 class=\"h1_default\">Onze evenementen en opleidingen<\/h1>\n                  <\/div>\n      <\/div>\n    <\/div>\n\n  <\/div>\n\n<\/section>\n\n\n  <section  class=\"breadcrumbs-wrapper wrapper-padding-top-normal wrapper-padding-bottom-normal\" >\n    <div class=\"container\">\n      <nav  aria-label=\"kruimelpad\"><ol class=\"breadcrumb\" itemscope itemtype=\"https:\/\/schema.org\/BreadcrumbList\"><li class=\"breadcrumb-item active\" aria-current=\"page\" itemprop=\"itemListElement\" itemscope itemtype=\"https:\/\/schema.org\/ListItem\"><span itemprop=\"name\">Veterinaire apparatuur<\/span><meta itemprop=\"position\" content=\"1\"><\/li><\/ol><\/nav>    <\/div>\n  <\/section>\n\n\n\n<section  class=\"events-grid wrapper-padding-top-nospace wrapper-padding-bottom-small\" >\n  <div class=\"container\">\n\n    <div class=\"col-lg-10 offset-lg-1 col-md-12 col-12\">\n      <div class=\"text-intro\">\n        <h2 class=\"wp-block-heading\"><!-- wp:heading --><\/h2>\n<h2 id=\"aanstaand\" class=\"wp-block-heading\">Kom snel eens langs!<\/h2>\n<h2 class=\"wp-block-heading\"><!-- \/wp:heading --> <!-- wp:paragraph --><\/h2>\n<p>U bent ge\u00efnteresseerd in een van onze evenementen en wilt meer informatie.<\/p>\n<h2 class=\"wp-block-heading\"><!-- \/wp:paragraph --> <!-- wp:paragraph --><\/h2>\n<p>Kijk waar jullie ons kunnen vinden.<\/p>\n<h2 id=\"Events\" class=\"wp-block-heading\"><!-- \/wp:paragraph --><\/h2>\n      <\/div>\n      <div class=\"content row\">\n\n                  <p>Aucun \u00e9v\u00e9nement pr\u00e9vu pour l&#8217;instant<\/p>\n        \n      <\/div>\n    <\/div>\n\n  <\/div>\n<\/section>\n\n\n<section  class=\"repeater-column animated-to-fade wrapper-padding-top-nospace wrapper-padding-bottom-normal\" >\n  <div class=\"polygon-column\"  style=\"background-color:#da0019\" ><\/div>\n  <div class=\"container\">\n\n    <div class=\"col-xl-10 offset-xl-1 col-lg-12\">\n\n              <div class=\"text-intro\">\n          <h2 class=\"wp-block-heading\"><!-- wp:heading --><\/h2>\n<h2 class=\"wp-block-heading\">Ontmoet ons<\/h2>\n<h2 class=\"wp-block-heading\"><!-- \/wp:heading --> <!-- wp:paragraph --><\/h2>\n<p>De beste manier om elkaar te leren kennen is ons te ontmoeten.<\/p>\n<h2 class=\"wp-block-heading\"><!-- \/wp:paragraph --><\/h2>\n        <\/div>\n      \n      <div class=\"row\">\n\n        \n          <article class=\"item col-lg-4 col-md-6 col-sm-12 col-12\">\n                          <div class=\"image-wrapper\">\n                <img decoding=\"async\" src=\"https:\/\/staging.vetx.eu\/wp-content\/uploads\/2023\/06\/phone-call-vetx.png\" alt=\"phone call vetx\">\n              <\/div>\n              <header>\n                <h3 style=\"text-align: center;\">Onze opleidingen<\/h3>\n              <\/header>\n              <div class=\"content\">\n                <p>Blijf op de hoogte van de laatste technologische ontwikkelingen en train op jullie apparatuur tijdens onze trainingssessies.<\/p>\n<p>Jullie krijgen concreet en direct toepasbaar advies.<\/p>\n              <\/div>\n                                    <\/article>\n\n        \n          <article class=\"item col-lg-4 col-md-6 col-sm-12 col-12\">\n                          <div class=\"image-wrapper\">\n                <img decoding=\"async\" src=\"https:\/\/staging.vetx.eu\/wp-content\/uploads\/2023\/06\/at.png\" alt=\"at\">\n              <\/div>\n              <header>\n                <h3 style=\"text-align: center;\">Beurzen &amp; conferenties<\/h3>\n              <\/header>\n              <div class=\"content\">\n                <p>Wij nemen al vele jaren deel aan conferenties in Belgi\u00eb en Frankrijk. Kom en ontdek de innovaties die jullie zaak een boost zullen geven.<\/p>\n              <\/div>\n                                    <\/article>\n\n        \n          <article class=\"item col-lg-4 col-md-6 col-sm-12 col-12\">\n                          <a href=\"https:\/\/staging.vetx.eu\/contact\/\">\n                          <div class=\"image-wrapper\">\n                <img decoding=\"async\" src=\"https:\/\/staging.vetx.eu\/wp-content\/uploads\/2023\/06\/mouse.png\" alt=\"mouse\">\n              <\/div>\n              <header>\n                <h3>Gepersonaliseerde afspraak<\/h3>\n              <\/header>\n              <div class=\"content\">\n                <p>Ge\u00efnteresseerd in onze producten en jullie wensen een demonstratie door onze specialisten? Het is gratis en zonder verplichting!<\/p>\n<p>Klik op het onderstaande link om ons te contacteren.<\/p>\n              <\/div>\n                              <footer>\n                  <span>Neem contact met ons op!<\/span>\n                <\/footer>\n                                        <\/a>\n                      <\/article>\n\n        \n      <\/div>\n\n    <\/div>\n\n  <\/div>\n\n<\/section>\n\n\n\n<section  class=\"gallery-photos-wrapper wrapper-padding-top-nospace wrapper-padding-bottom-large\" >\n  <div class=\"container\">\n\n    <div class=\"col-lg-10 offset-lg-1 col-md-12 col-12\">\n\n      <div class=\"text-intro\">\n        <h2 class=\"wp-block-heading\">Foto galerij<\/h2>\n      <\/div>\n\n      <div class=\"content row gallery-wrap\">\n                  <div class=\"item col-lg-4 col-sm-6 col-12\">\n            <a class=\"js-replace-img\" href=\"#\">\n              <img decoding=\"async\" src=\"https:\/\/staging.vetx.eu\/wp-content\/uploads\/2024\/05\/70.png\" alt=\"70-2\">\n            <\/a>\n          <\/div>\n          <\/article>\n                  <div class=\"item col-lg-4 col-sm-6 col-12\">\n            <a class=\"js-replace-img\" href=\"#\">\n              <img decoding=\"async\" src=\"https:\/\/staging.vetx.eu\/wp-content\/uploads\/2024\/01\/IMG_20240116_122609-scaled.jpg\" alt=\"img_20240116_122609\">\n            <\/a>\n          <\/div>\n          <\/article>\n                  <div class=\"item col-lg-4 col-sm-6 col-12\">\n            <a class=\"js-replace-img\" href=\"#\">\n              <img decoding=\"async\" src=\"https:\/\/staging.vetx.eu\/wp-content\/uploads\/2024\/05\/71.png\" alt=\"71-2\">\n            <\/a>\n          <\/div>\n          <\/article>\n                  <div class=\"item col-lg-4 col-sm-6 col-12\">\n            <a class=\"js-replace-img\" href=\"#\">\n              <img decoding=\"async\" src=\"https:\/\/staging.vetx.eu\/wp-content\/uploads\/2024\/01\/IMG_20240116_105310-scaled.jpg\" alt=\"img_20240116_105310\">\n            <\/a>\n          <\/div>\n          <\/article>\n                  <div class=\"item col-lg-4 col-sm-6 col-12\">\n            <a class=\"js-replace-img\" href=\"#\">\n              <img decoding=\"async\" src=\"https:\/\/staging.vetx.eu\/wp-content\/uploads\/2024\/05\/6.jpg\" alt=\"6-2\">\n            <\/a>\n          <\/div>\n          <\/article>\n                  <div class=\"item col-lg-4 col-sm-6 col-12\">\n            <a class=\"js-replace-img\" href=\"#\">\n              <img decoding=\"async\" src=\"https:\/\/staging.vetx.eu\/wp-content\/uploads\/2024\/01\/1702978031515.jpg\" alt=\"1702978031515\">\n            <\/a>\n          <\/div>\n          <\/article>\n                  <div class=\"item col-lg-4 col-sm-6 col-12\">\n            <a class=\"js-replace-img\" href=\"#\">\n              <img decoding=\"async\" src=\"https:\/\/staging.vetx.eu\/wp-content\/uploads\/2024\/01\/1702455117600.jpg\" alt=\"1702455117600\">\n            <\/a>\n          <\/div>\n          <\/article>\n                  <div class=\"item col-lg-4 col-sm-6 col-12\">\n            <a class=\"js-replace-img\" href=\"#\">\n              <img decoding=\"async\" src=\"https:\/\/staging.vetx.eu\/wp-content\/uploads\/2024\/01\/1701337617745.jpg\" alt=\"1701337617745\">\n            <\/a>\n          <\/div>\n          <\/article>\n                  <div class=\"item col-lg-4 col-sm-6 col-12\">\n            <a class=\"js-replace-img\" href=\"#\">\n              <img decoding=\"async\" src=\"https:\/\/staging.vetx.eu\/wp-content\/uploads\/2024\/01\/1701337607468.jpg\" alt=\"1701337607468\">\n            <\/a>\n          <\/div>\n          <\/article>\n                  <div class=\"item col-lg-4 col-sm-6 col-12\">\n            <a class=\"js-replace-img\" href=\"#\">\n              <img decoding=\"async\" src=\"https:\/\/staging.vetx.eu\/wp-content\/uploads\/2024\/01\/1700141109502.jpg\" alt=\"1700141109502\">\n            <\/a>\n          <\/div>\n          <\/article>\n                  <div class=\"item col-lg-4 col-sm-6 col-12\">\n            <a class=\"js-replace-img\" href=\"#\">\n              <img decoding=\"async\" src=\"https:\/\/staging.vetx.eu\/wp-content\/uploads\/2024\/01\/1700141108273.jpg\" alt=\"1700141108273\">\n            <\/a>\n          <\/div>\n          <\/article>\n                  <div class=\"item col-lg-4 col-sm-6 col-12\">\n            <a class=\"js-replace-img\" href=\"#\">\n              <img decoding=\"async\" src=\"https:\/\/staging.vetx.eu\/wp-content\/uploads\/2024\/01\/1697835683595.jpg\" alt=\"1697835683595\">\n            <\/a>\n          <\/div>\n          <\/article>\n                  <div class=\"item col-lg-4 col-sm-6 col-12\">\n            <a class=\"js-replace-img\" href=\"#\">\n              <img decoding=\"async\" src=\"https:\/\/staging.vetx.eu\/wp-content\/uploads\/2024\/01\/1698145961908.jpg\" alt=\"1698145961908\">\n            <\/a>\n          <\/div>\n          <\/article>\n                  <div class=\"item col-lg-4 col-sm-6 col-12\">\n            <a class=\"js-replace-img\" href=\"#\">\n              <img decoding=\"async\" src=\"https:\/\/staging.vetx.eu\/wp-content\/uploads\/2024\/01\/1698145964380.jpg\" alt=\"1698145964380\">\n            <\/a>\n          <\/div>\n          <\/article>\n                  <div class=\"item col-lg-4 col-sm-6 col-12\">\n            <a class=\"js-replace-img\" href=\"#\">\n              <img decoding=\"async\" src=\"https:\/\/staging.vetx.eu\/wp-content\/uploads\/2024\/01\/1698145969655.jpg\" alt=\"1698145969655\">\n            <\/a>\n          <\/div>\n          <\/article>\n                  <div class=\"item col-lg-4 col-sm-6 col-12\">\n            <a class=\"js-replace-img\" href=\"#\">\n              <img decoding=\"async\" src=\"https:\/\/staging.vetx.eu\/wp-content\/uploads\/2024\/01\/1698145969799.jpg\" alt=\"1698145969799\">\n            <\/a>\n          <\/div>\n          <\/article>\n                  <div class=\"item col-lg-4 col-sm-6 col-12\">\n            <a class=\"js-replace-img\" href=\"#\">\n              <img decoding=\"async\" src=\"https:\/\/staging.vetx.eu\/wp-content\/uploads\/2024\/01\/1698145970357.jpg\" alt=\"1698145970357\">\n            <\/a>\n          <\/div>\n          <\/article>\n                  <div class=\"item col-lg-4 col-sm-6 col-12\">\n            <a class=\"js-replace-img\" href=\"#\">\n              <img decoding=\"async\" src=\"https:\/\/staging.vetx.eu\/wp-content\/uploads\/2024\/01\/1700141107516.jpg\" alt=\"1700141107516\">\n            <\/a>\n          <\/div>\n          <\/article>\n                  <div class=\"item col-lg-4 col-sm-6 col-12\">\n            <a class=\"js-replace-img\" href=\"#\">\n              <img decoding=\"async\" src=\"https:\/\/staging.vetx.eu\/wp-content\/uploads\/2023\/06\/2b9ee438-5e34-4b70-bdf8-2619a086d995-365x365-1.jpg\" alt=\"2b9ee438-5e34-4b70-bdf8-2619a086d995-365x365-2\">\n            <\/a>\n          <\/div>\n          <\/article>\n                  <div class=\"item col-lg-4 col-sm-6 col-12\">\n            <a class=\"js-replace-img\" href=\"#\">\n              <img decoding=\"async\" src=\"https:\/\/staging.vetx.eu\/wp-content\/uploads\/2023\/06\/img-1791-ok-365x365-1.jpg\" alt=\"img-1791-ok-365x365-2\">\n            <\/a>\n          <\/div>\n          <\/article>\n                  <div class=\"item col-lg-4 col-sm-6 col-12\">\n            <a class=\"js-replace-img\" href=\"#\">\n              <img decoding=\"async\" src=\"https:\/\/staging.vetx.eu\/wp-content\/uploads\/2023\/06\/img-2203-1024x768-1.jpg\" alt=\"img-2203-1024x768-2\">\n            <\/a>\n          <\/div>\n          <\/article>\n                  <div class=\"item col-lg-4 col-sm-6 col-12\">\n            <a class=\"js-replace-img\" href=\"#\">\n              <img decoding=\"async\" src=\"https:\/\/staging.vetx.eu\/wp-content\/uploads\/2023\/06\/e336bcd2-da00-4d68-866e-0992cf2be217-768x1024-1.jpg\" alt=\"e336bcd2-da00-4d68-866e-0992cf2be217-768x1024-2\">\n            <\/a>\n          <\/div>\n          <\/article>\n                  <div class=\"item col-lg-4 col-sm-6 col-12\">\n            <a class=\"js-replace-img\" href=\"#\">\n              <img decoding=\"async\" src=\"https:\/\/staging.vetx.eu\/wp-content\/uploads\/2024\/05\/Linkedin_Post.jpg\" alt=\"linkedin_post-2\">\n            <\/a>\n          <\/div>\n          <\/article>\n                  <div class=\"item col-lg-4 col-sm-6 col-12\">\n            <a class=\"js-replace-img\" href=\"#\">\n              <img decoding=\"async\" src=\"https:\/\/staging.vetx.eu\/wp-content\/uploads\/2024\/05\/3.jpg\" alt=\"3-2\">\n            <\/a>\n          <\/div>\n          <\/article>\n              <\/div>\n\n    <\/div>\n\n  <\/div>\n\n<\/section>\n","protected":false},"excerpt":{"rendered":"","protected":false},"author":1,"featured_media":3418,"parent":0,"menu_order":0,"comment_status":"closed","ping_status":"closed","template":"","meta":{"_acf_changed":false,"_seopress_robots_primary_cat":"","_seopress_titles_title":"Evenementen en opleidingen - EXAMION","_seopress_titles_desc":"Kom snel eens langs! Kijk waar jullie ons kunnen vinden.","_seopress_robots_index":"","footnotes":""},"class_list":["post-4288","page","type-page","status-publish","has-post-thumbnail"],"acf":[],"_links":{"self":[{"href":"https:\/\/staging.vetx.eu\/nl\/wp-json\/wp\/v2\/pages\/4288","targetHints":{"allow":["GET"]}}],"collection":[{"href":"https:\/\/staging.vetx.eu\/nl\/wp-json\/wp\/v2\/pages"}],"about":[{"href":"https:\/\/staging.vetx.eu\/nl\/wp-json\/wp\/v2\/types\/page"}],"author":[{"embeddable":true,"href":"https:\/\/staging.vetx.eu\/nl\/wp-json\/wp\/v2\/users\/1"}],"replies":[{"embeddable":true,"href":"https:\/\/staging.vetx.eu\/nl\/wp-json\/wp\/v2\/comments?post=4288"}],"version-history":[{"count":11,"href":"https:\/\/staging.vetx.eu\/nl\/wp-json\/wp\/v2\/pages\/4288\/revisions"}],"predecessor-version":[{"id":24287,"href":"https:\/\/staging.vetx.eu\/nl\/wp-json\/wp\/v2\/pages\/4288\/revisions\/24287"}],"wp:featuredmedia":[{"embeddable":true,"href":"https:\/\/staging.vetx.eu\/nl\/wp-json\/wp\/v2\/media\/3418"}],"wp:attachment":[{"href":"https:\/\/staging.vetx.eu\/nl\/wp-json\/wp\/v2\/media?parent=4288"}],"curies":[{"name":"wp","href":"https:\/\/api.w.org\/{rel}","templated":true}]}}